{"id":12012,"date":"2024-09-10T13:25:27","date_gmt":"2024-09-10T13:25:27","guid":{"rendered":"https:\/\/beeasist.com\/?page_id=12012"},"modified":"2024-09-10T13:28:03","modified_gmt":"2024-09-10T13:28:03","slug":"randevu-al","status":"publish","type":"page","link":"https:\/\/beeasist.com\/en\/randevu-al\/","title":{"rendered":"Randevu Al"},"content":{"rendered":"\t\t<div data-elementor-type=\"wp-page\" data-elementor-id=\"12012\" class=\"elementor elementor-12012\">\n\t\t\t\t\t\t<div class=\"elementor-inner\">\n\t\t\t\t<div class=\"elementor-section-wrap\">\n\t\t\t\t\t\t\t\t\t<section class=\"elementor-section elementor-top-section elementor-element elementor-element-70a4da7 elementor-section-height-min-height elementor-section-boxed elementor-section-height-default elementor-section-items-middle\" data-id=\"70a4da7\" data-element_type=\"section\" data-settings=\"{&quot;background_background&quot;:&quot;classic&quot;}\">\n\t\t\t\t\t\t<div class=\"elementor-container elementor-column-gap-default\">\n\t\t\t\t\t\t\t<div class=\"elementor-row\">\n\t\t\t\t\t<div class=\"elementor-column elementor-col-100 elementor-top-column elementor-element elementor-element-50248e3\" data-id=\"50248e3\" data-element_type=\"column\">\n\t\t\t<div class=\"elementor-column-wrap elementor-element-populated\">\n\t\t\t\t\t\t\t<div class=\"elementor-widget-wrap\">\n\t\t\t\t\t\t<div class=\"elementor-element elementor-element-81dd452 elementor-widget elementor-widget-heading\" data-id=\"81dd452\" data-element_type=\"widget\" data-widget_type=\"heading.default\">\n\t\t\t\t<div class=\"elementor-widget-container\">\n\t\t\t<style>\/*! elementor - v3.11.1 - 15-02-2023 *\/\n.elementor-heading-title{padding:0;margin:0;line-height:1}.elementor-widget-heading .elementor-heading-title[class*=elementor-size-]>a{color:inherit;font-size:inherit;line-height:inherit}.elementor-widget-heading .elementor-heading-title.elementor-size-small{font-size:15px}.elementor-widget-heading .elementor-heading-title.elementor-size-medium{font-size:19px}.elementor-widget-heading .elementor-heading-title.elementor-size-large{font-size:29px}.elementor-widget-heading .elementor-heading-title.elementor-size-xl{font-size:39px}.elementor-widget-heading .elementor-heading-title.elementor-size-xxl{font-size:59px}<\/style><h2 class=\"elementor-heading-title elementor-size-default\"><b>\u0130\u015fletmenizi B\u00fcy\u00fctmeyi Sa\u011flayan<\/b> T\u00fcm \u00d6zelliklere Sahip Olun<\/h2>\t\t<\/div>\n\t\t\t\t<\/div>\n\t\t\t\t<section class=\"elementor-section elementor-inner-section elementor-element elementor-element-16584b9 elementor-section-boxed elementor-section-height-default elementor-section-height-default\" data-id=\"16584b9\" data-element_type=\"section\">\n\t\t\t\t\t\t<div class=\"elementor-container elementor-column-gap-default\">\n\t\t\t\t\t\t\t<div class=\"elementor-row\">\n\t\t\t\t\t<div class=\"elementor-column elementor-col-100 elementor-inner-column elementor-element elementor-element-9c4ae61\" data-id=\"9c4ae61\" data-element_type=\"column\">\n\t\t\t<div class=\"elementor-column-wrap elementor-element-populated\">\n\t\t\t\t\t\t\t<div class=\"elementor-widget-wrap\">\n\t\t\t\t\t\t<div class=\"elementor-element elementor-element-b8395f7 elementor-widget elementor-widget-heading\" data-id=\"b8395f7\" data-element_type=\"widget\" data-widget_type=\"heading.default\">\n\t\t\t\t<div class=\"elementor-widget-container\">\n\t\t\t<p class=\"elementor-heading-title elementor-size-default\">Beeasist, masa\u00fcst\u00fc ve mobil cihazlardan rahatl\u0131kla kullanabilen\nbulut tabanl\u0131 randevu yo\u0308netim ve is\u0327 gelis\u0327tirme uygulamas\u0131d\u0131r.<\/p>\t\t<\/div>\n\t\t\t\t<\/div>\n\t\t\t\t<div class=\"elementor-element elementor-element-d9a6db7 elementor-widget elementor-widget-html\" data-id=\"d9a6db7\" data-element_type=\"widget\" data-widget_type=\"html.default\">\n\t\t\t\t<div class=\"elementor-widget-container\">\n\t\t\t<!-- Google Calendar Appointment Scheduling begin -->\n<iframe loading=\"lazy\" src=\"https:\/\/calendar.google.com\/calendar\/appointments\/schedules\/AcZssZ1uRf9LitfmLjZRdyXYfCs_DaI1b8_auEvq0bJQRX6MWJoJAjSkM2T2b5CutUAHeEfdCvvBEgBW?gv=true\" style=\"border: 0\" width=\"100%\" height=\"1000\" frameborder=\"0\"><\/iframe>\n<!-- end Google Calendar Appointment Scheduling -->\t\t<\/div>\n\t\t\t\t<\/div>\n\t\t\t\t\t\t<\/div>\n\t\t\t\t\t<\/div>\n\t\t<\/div>\n\t\t\t\t\t\t\t\t<\/div>\n\t\t\t\t\t<\/div>\n\t\t<\/section>\n\t\t\t\t\t\t<\/div>\n\t\t\t\t\t<\/div>\n\t\t<\/div>\n\t\t\t\t\t\t\t\t<\/div>\n\t\t\t\t\t<\/div>\n\t\t<\/section>\n\t\t\t\t\t\t\t\t\t<\/div>\n\t\t\t<\/div>\n\t\t\t\t\t<\/div>\n\t\t","protected":false},"excerpt":{"rendered":"<p>\u0130\u015fletmenizi B\u00fcy\u00fctmeyi Sa\u011flayan T\u00fcm \u00d6zelliklere Sahip Olun Beeasist, masa\u00fcst\u00fc ve mobil cihazlardan rahatl\u0131kla kullanabilen bulut tabanl\u0131 randevu yo\u0308netim ve is\u0327 gelis\u0327tirme uygulamas\u0131d\u0131r.<\/p>\n","protected":false},"author":5,"featured_media":0,"parent":0,"menu_order":0,"comment_status":"closed","ping_status":"closed","template":"elementor_header_footer","meta":[],"_links":{"self":[{"href":"https:\/\/beeasist.com\/en\/wp-json\/wp\/v2\/pages\/12012"}],"collection":[{"href":"https:\/\/beeasist.com\/en\/wp-json\/wp\/v2\/pages"}],"about":[{"href":"https:\/\/beeasist.com\/en\/wp-json\/wp\/v2\/types\/page"}],"author":[{"embeddable":true,"href":"https:\/\/beeasist.com\/en\/wp-json\/wp\/v2\/users\/5"}],"replies":[{"embeddable":true,"href":"https:\/\/beeasist.com\/en\/wp-json\/wp\/v2\/comments?post=12012"}],"version-history":[{"count":7,"href":"https:\/\/beeasist.com\/en\/wp-json\/wp\/v2\/pages\/12012\/revisions"}],"predecessor-version":[{"id":12019,"href":"https:\/\/beeasist.com\/en\/wp-json\/wp\/v2\/pages\/12012\/revisions\/12019"}],"wp:attachment":[{"href":"https:\/\/beeasist.com\/en\/wp-json\/wp\/v2\/media?parent=12012"}],"curies":[{"name":"wp","href":"https:\/\/api.w.org\/{rel}","templated":true}]}}