{"id":403,"date":"2022-08-11T21:48:57","date_gmt":"2022-08-11T21:48:57","guid":{"rendered":"https:\/\/beeasist.com\/?page_id=403"},"modified":"2023-01-02T20:29:14","modified_gmt":"2023-01-02T20:29:14","slug":"cerez-politikasi-ve-internet-aydinlatma-metni","status":"publish","type":"page","link":"https:\/\/beeasist.com\/en\/cerez-politikasi-ve-internet-aydinlatma-metni\/","title":{"rendered":"\u00c7erez Politikas\u0131 ve \u0130nternet Ayd\u0131nlatma Metni"},"content":{"rendered":"\t\t<div data-elementor-type=\"wp-page\" data-elementor-id=\"403\" class=\"elementor elementor-403\">\n\t\t\t\t\t\t<div class=\"elementor-inner\">\n\t\t\t\t<div class=\"elementor-section-wrap\">\n\t\t\t\t\t\t\t\t\t<section class=\"elementor-section elementor-top-section elementor-element elementor-element-69a2f28 elementor-section-boxed elementor-section-height-default elementor-section-height-default\" data-id=\"69a2f28\" data-element_type=\"section\" data-settings=\"{&quot;background_background&quot;:&quot;classic&quot;}\">\n\t\t\t\t\t\t<div class=\"elementor-container elementor-column-gap-default\">\n\t\t\t\t\t\t\t<div class=\"elementor-row\">\n\t\t\t\t\t<div class=\"elementor-column elementor-col-100 elementor-top-column elementor-element elementor-element-dc5b889\" data-id=\"dc5b889\" data-element_type=\"column\" data-settings=\"{&quot;background_background&quot;:&quot;classic&quot;}\">\n\t\t\t<div class=\"elementor-column-wrap elementor-element-populated\">\n\t\t\t\t\t\t\t<div class=\"elementor-widget-wrap\">\n\t\t\t\t\t\t<div class=\"elementor-element elementor-element-08161d7 elementor-widget elementor-widget-heading\" data-id=\"08161d7\" data-element_type=\"widget\" data-widget_type=\"heading.default\">\n\t\t\t\t<div class=\"elementor-widget-container\">\n\t\t\t<style>\/*! elementor - v3.11.1 - 15-02-2023 *\/\n.elementor-heading-title{padding:0;margin:0;line-height:1}.elementor-widget-heading .elementor-heading-title[class*=elementor-size-]>a{color:inherit;font-size:inherit;line-height:inherit}.elementor-widget-heading .elementor-heading-title.elementor-size-small{font-size:15px}.elementor-widget-heading .elementor-heading-title.elementor-size-medium{font-size:19px}.elementor-widget-heading .elementor-heading-title.elementor-size-large{font-size:29px}.elementor-widget-heading .elementor-heading-title.elementor-size-xl{font-size:39px}.elementor-widget-heading .elementor-heading-title.elementor-size-xxl{font-size:59px}<\/style><h3 class=\"elementor-heading-title elementor-size-default\"> \u00c7erez Politikas\u0131 ve \u0130nternet Ayd\u0131nlatma Metni<\/h3>\t\t<\/div>\n\t\t\t\t<\/div>\n\t\t\t\t<div class=\"elementor-element elementor-element-70a1054 elementor-widget elementor-widget-text-editor\" data-id=\"70a1054\" data-element_type=\"widget\" data-widget_type=\"text-editor.default\">\n\t\t\t\t<div class=\"elementor-widget-container\">\n\t\t\t<style>\/*! elementor - v3.11.1 - 15-02-2023 *\/\n.elementor-widget-text-editor.elementor-drop-cap-view-stacked .elementor-drop-cap{background-color:#818a91;color:#fff}.elementor-widget-text-editor.elementor-drop-cap-view-framed .elementor-drop-cap{color:#818a91;border:3px solid;background-color:transparent}.elementor-widget-text-editor:not(.elementor-drop-cap-view-default) .elementor-drop-cap{margin-top:8px}.elementor-widget-text-editor:not(.elementor-drop-cap-view-default) .elementor-drop-cap-letter{width:1em;height:1em}.elementor-widget-text-editor .elementor-drop-cap{float:left;text-align:center;line-height:1;font-size:50px}.elementor-widget-text-editor .elementor-drop-cap-letter{display:inline-block}<\/style>\t\t\t\t\t<div class=\"elementor-text-editor elementor-clearfix\">\n\t\t\t\t<p><span style=\"letter-spacing: -0.3px;\">Beeasist Teknoloji Anonim \u015eirketi (\u201c<\/span><strong style=\"letter-spacing: -0.3px;\">\u015eirket<\/strong><span style=\"letter-spacing: -0.3px;\">\u201d) olarak sahibi oldu\u011fumuz <\/span><a style=\"letter-spacing: -0.3px; background-color: #ffffff;\" href=\"https:\/\/startupfon.com\/\" target=\"_blank\" rel=\"noopener\">https:\/\/beeasist.com\/<\/a><span style=\"letter-spacing: -0.3px;\"> ve <\/span><a style=\"letter-spacing: -0.3px; background-color: #ffffff;\" href=\"http:\/\/app.beeasist.com\">http:\/\/app.beeasist.com<\/a><span style=\"letter-spacing: -0.3px;\"> adresli internet siteleri (birlikte \u201c<\/span><strong style=\"letter-spacing: -0.3px;\">Site<\/strong><span style=\"letter-spacing: -0.3px;\">\u201d olarak an\u0131lacakt\u0131r) kapsam\u0131nda elde etti\u011fimiz ve i\u015fledi\u011fimi ki\u015fisel verilerin gizlili\u011fine m\u00fc\u015fterek veri sorumlusu olarak \u00f6nem veriyoruz.<\/span><\/p><p>\u00a0<\/p><p>\u0130\u015fbu Ayd\u0131nlatma Metni ile Sitemizi ziyaretiniz esnas\u0131nda Site\u2019de konumland\u0131r\u0131lm\u0131\u015f \u00e7erezler vas\u0131tas\u0131 ile elde etti\u011fimiz ki\u015fisel verilerinize ili\u015fkin olarak sizleri 6698 say\u0131l\u0131 Ki\u015fisel Verilerin Korunmas\u0131 Kanunu (\u201c<strong>KVKK<\/strong>\u201d) uyar\u0131nca bilgilendirmek, Site\u2019de hangi ama\u00e7larla hangi t\u00fcr \u00e7erezleri kulland\u0131\u011f\u0131m\u0131z\u0131 ve bu \u00e7erezleri nas\u0131l kontrol edebilece\u011finize dair KVKK taht\u0131ndaki ayd\u0131nlatma y\u00fck\u00fcml\u00fcl\u00fc\u011f\u00fcm\u00fcz\u00fc yerine getirmek istiyoruz.<\/p><p>\u00a0<\/p><p>\u015eirket olarak sitemizde kulland\u0131\u011f\u0131m\u0131z \u00e7erezleri kullanmaktan vazge\u00e7ebilir, bunlar\u0131n t\u00fcrlerini veya fonksiyonlar\u0131n\u0131 de\u011fi\u015ftirebilir veya sitemize yeni \u00e7erezler ekleyebiliriz. Dolay\u0131s\u0131yla i\u015fbu Ayd\u0131nlatma Metni\u2019nde yer alan h\u00fck\u00fcmleri diledi\u011fimiz zaman de\u011fi\u015ftirme hakk\u0131n\u0131 sakl\u0131 tutar\u0131z; bu hususta g\u00fcncel bilgilere Sitemizde yer alan \u00c7erez Politikas\u0131 ve \u0130nternet Ayd\u0131nlatma Metni \u00fczerinden eri\u015febilirsiniz.<\/p><p>\u00a0<\/p><p>Sitemizi ziyaretleriniz s\u0131ras\u0131nda deneyiminizi geli\u015ftirmek i\u00e7in \u00e7erezler, pikseller, gifler gibi baz\u0131 teknolojilerden (\u201c<strong>\u00e7erezler<\/strong>\u201d) faydalanmaktay\u0131z. Bu teknolojilerin kullan\u0131m\u0131 ba\u015fta KVKK olmak \u00fczere tabi oldu\u011fumuz mevzuata uygun \u015fekilde ger\u00e7ekle\u015ftirilmektedir.<\/p><p>\u00a0<\/p><ol><li><strong>Ki\u015fisel Verilerinizin Toplanma Y\u00f6ntemi ve Hukuki Sebepler<\/strong><\/li><\/ol><p>Sitemizi ziyaretiniz esnas\u0131nda<\/p><p>\u00a0<\/p><ul><li><strong>zorunlu ve gerekli temel \u00e7erezler ile analitik \u00e7erezler<\/strong>: hukuki y\u00fck\u00fcml\u00fcl\u00fcklerimizin yerine getirilmesi, hakk\u0131n tesisi edilmesi ve me\u015fru menfaat gerek\u00e7eleri ile;<\/li><li><strong>hedefleme reklam ve analiz \u00e7erezleri<\/strong>: ise r\u0131zan\u0131za istinaden<\/li><\/ul><p>a\u015fa\u011f\u0131da say\u0131lanlar ve bunlara ileride eklenebilecek sair kanallar vas\u0131tas\u0131yla otomatik yahut otomatik olmayan yollarla, s\u00f6zl\u00fc, yaz\u0131l\u0131 veya elektronik \u015fekilde toplanmaktad\u0131r.<\/p><p>\u00a0<\/p><ul><li><strong>Zorunlu \u00c7erezler: <\/strong>Bu \u00e7erezler, Site\u2019de gezinmenizi ve Site\u2019nin g\u00fcvenli alanlar\u0131na eri\u015fim sa\u011flamak gibi istedi\u011finiz \u00f6zellikleri kullanman\u0131z\u0131 sa\u011flar. Bu \u00e7erezler olmadan, Site\u2019nin \u00e7al\u0131\u015fmas\u0131na izin veren hizmetleri sa\u011flayamay\u0131z.<\/li><li><strong style=\"background-color: transparent; letter-spacing: -0.3px;\">Gerekli Temel \u00c7erezler<\/strong> <strong style=\"background-color: transparent; letter-spacing: -0.3px;\">(Analiz \u00e7erezleri ve \u0130\u015flevsellik \u00e7erezleri)<\/strong><span style=\"background-color: transparent; letter-spacing: -0.3px;\">: Analiz \u00e7erezleri, ziyaret\u00e7ilerin web sitesini nas\u0131l kulland\u0131klar\u0131, \u00f6rne\u011fin en s\u0131k hangi sayfalar\u0131 ziyaret ettikleri ve web sayfalar\u0131ndan hata mesajlar\u0131 al\u0131p almad\u0131klar\u0131 vb. hakk\u0131nda bilgi toplar. Bu \u00e7erezler, ziyaret\u00e7iyi tan\u0131mlayabilecek bilgiler toplamaz. Bu \u00e7erezlerin toplad\u0131\u011f\u0131 t\u00fcm bilgiler birle\u015ftirilir, bu nedenle anonimdir. Yaln\u0131zca bir web sitesinin \u00e7al\u0131\u015fmas\u0131n\u0131n iyile\u015ftirilmesi i\u00e7in kullan\u0131l\u0131r. Bu \u00e7erezler alternatif olarak (i) do\u011frudan site y\u00f6neticisi taraf\u0131ndan birle\u015fik \u015fekilde bilgi toplanmas\u0131 i\u00e7in kullan\u0131lmas\u0131 ve (ii) \u00fc\u00e7\u00fcnc\u00fc taraflarca y\u00f6netilmesi, \u00e7erezlerin kullan\u0131c\u0131lar\u0131 tan\u0131mlama kabiliyetini d\u00fc\u015f\u00fcrmek \u00fczere \u00f6zel y\u00f6ntemler uygulanmas\u0131 (\u00f6rne\u011fin \u00f6nemli IP adresi b\u00f6l\u00fcmlerinin maskelenmesi) ve \u00fc\u00e7\u00fcnc\u00fc taraflar\u0131n bunlar\u0131 yaln\u0131zca hizmet sunmak \u00fczere kullanmas\u0131 a\u00e7\u0131s\u0131ndan \u201cteknik \u00e7erezler\u201d ile benzerdir. \u00d6rne\u011fin, \u00e7erez verilerini, kar\u015f\u0131la\u015ft\u0131rmadan veya mevcut ki\u015fisel verilerle zenginle\u015ftirmeden ayr\u0131 olarak kullan\u0131rlar.<\/span><\/li><li>\u00a0<\/li><\/ul><p><strong>YouTube:<\/strong> Bu \u00e7erezler, web sitelerimiz i\u00e7erisinde yay\u0131nlanan g\u00f6m\u00fcl\u00fc Youtube videolar\u0131n\u0131 izleyen ziyaret\u00e7ilerimizin video oynat\u0131c\u0131 tercihlerini benzersiz bir kimlik numaras\u0131 olu\u015fturarak saklar<\/p><p><strong style=\"background-color: transparent; letter-spacing: -0.3px;\">Analitik \u00c7erezler:<\/strong><span style=\"background-color: transparent; letter-spacing: -0.3px;\"> Siteyi analiz etmek ve pazarlama faaliyetlerinin Site\u2019nin yans\u0131yan performanslar\u0131n\u0131 analiz etmek amac\u0131yla sitemizi ziyaretinizde analitik \u00e7erezlerini ve\/veya [*] kullan\u0131yoruz. Verileriniz toplanmakta ve bu verilerden kimlik \u00e7erezi kullan\u0131larak maskeleme y\u00f6ntemiyle anonimle\u015ftirme esas\u0131na g\u00f6re bir kullan\u0131c\u0131 profili \u00fcretilmektedir. IP adresiniz ya hi\u00e7 kaydedilmemekte veya bunun bir par\u00e7as\u0131 olarak kaydedildikten hemen sonra anonimle\u015ftirilmektedir.<\/span><\/p><p>Bu internet sitesi internet analiz hizmetleri i\u00e7in (i) Yandex taraf\u0131ndan sa\u011flanan Yandex Metrica\u2019y\u0131 ve (ii) Google taraf\u0131ndan sa\u011flanan Google Analytics\u2019i kullanmaktad\u0131r.<\/p><p>\u00a0<\/p><p><strong>Yandex Metrica:<\/strong> Bu \u00e7erez, Yandex (\u201cYandex\u201d) taraf\u0131ndan sa\u011flanan bir internet analiz hizmeti olan Yandex Metrica\u2019y\u0131 kullanmaktad\u0131r. Yandex Metrica, bilgisayar\u0131n\u0131zda bulunan metin dosyalar\u0131 olan \u00e7erezleri, internet sitesinin kullan\u0131c\u0131lar\u0131n siteyi nas\u0131l kulland\u0131\u011f\u0131n\u0131 analiz etmesine yard\u0131mc\u0131 olmak amac\u0131yla kullan\u0131r. Yandex Metrica taraf\u0131ndan yerle\u015ftirilen \u00e7erezler hakk\u0131nda daha fazla bilgiyi <a href=\"https:\/\/metrica.yandex.com.tr\/about\/info\/data-policy\/\" target=\"_blank\" rel=\"noopener\">https:\/\/metrica.yandex.com.tr\/about\/info\/data-policy<\/a> adresinde bulabilirsiniz.<\/p><p>\u00a0<\/p><p><strong>Google Analytics:<\/strong> Bu \u00e7erez, Google Analytics hizmeti taraf\u0131ndan rastgele ve benzersiz olu\u015fturulan bir say\u0131y\u0131 sayfa tan\u0131mlay\u0131c\u0131s\u0131 olarak atayarak sayfalar\u0131 ay\u0131rmak i\u00e7in kullan\u0131l\u0131r. Sitedeki her sayfa iste\u011fine dahil edilir ve site analiti\u011fi raporlar\u0131 i\u00e7in ilgili sayfa i\u00e7in ziyaret\u00e7i ve oturum verilerini hesaplamak i\u00e7in kullan\u0131l\u0131r. Google Analytics taraf\u0131ndan yerle\u015ftirilen \u00e7erezler hakk\u0131nda daha fazla bilgiyi <a href=\"https:\/\/support.google.com\/analytics\/topic\/2919631?hl=tr&amp;ref_topic=1008008\" target=\"_blank\" rel=\"noopener\">https:\/\/support.google.com\/analytics\/topic\/2919631?hl=tr&amp;ref_topic=1008008<\/a> adresinde bulabilirsiniz. Ayr\u0131ca, Google Analytics\u2019in kapsam\u0131 d\u0131\u015f\u0131nda kalmak i\u00e7in, <a href=\"https:\/\/tools.google.com\/dlpage\/gaoptout?hl=tr\" target=\"_blank\" rel=\"noopener\">https:\/\/tools.google.com\/dlpage\/gaoptout?hl=tr<\/a> adresini ziyaret edebilirsiniz.<\/p><p><strong style=\"background-color: transparent; letter-spacing: -0.3px;\">Performans, Ki\u015fiselle\u015ftirme, Hedefleme, Reklam ve Pazarlama \u00c7erezler:<\/strong><span style=\"background-color: transparent; letter-spacing: -0.3px;\"> Bu faaliyet i\u00e7in a\u015fa\u011f\u0131daki ara\u00e7lar kullan\u0131lmaktad\u0131r:<\/span><\/p><p>Bu internet sitesi, a\u00e7\u0131k r\u0131zan\u0131z\u0131n varl\u0131\u011f\u0131 halinde \u015eirket taraf\u0131ndan veya \u00fc\u00e7\u00fcnc\u00fc ki\u015fi hizmet sa\u011flay\u0131c\u0131lar arac\u0131l\u0131\u011f\u0131yla \u201cyeniden hedefleme\u201d (re-targetting ) teknolojileri kullanabilir.<\/p><p>\u00a0<\/p><p>\u0130nternet Sitelerini istatiksel olarak de\u011ferlendirmek, ki\u015fiselle\u015ftirme, hedefleme ve takip i\u00e7in (i) Yandex taraf\u0131ndan sa\u011flanan Yandex Metrica\u2019y\u0131 ve (ii) Google taraf\u0131ndan sa\u011flanan Google Analytics\u2019i kullan\u0131lmaktad\u0131r. Bu \u00e7erezler sizlerin internet sitesi gezintileriniz hakk\u0131nda bilgilerin toplanmas\u0131n\u0131 sa\u011flar. \u00d6rne\u011fin; Ki\u015fiselle\u015ftirilmi\u015f reklamlar olu\u015fturulmas\u0131 i\u00e7in \u00e7erezler kullan\u0131labilir.<\/p><p>\u00a0<\/p><p>\u00c7erez teknolojisi ve pikseller kullan\u0131larak; \u0130nternet Sitelerini ziyaret ederken taray\u0131c\u0131, toplanm\u0131\u015f ve analiz edilmi\u015f veri a\u015fa\u011f\u0131daki verileri toplar; talep (talep edilen dosyan\u0131n ad\u0131), taray\u0131c\u0131 tipi\/versiyonu, taray\u0131c\u0131 dili, i\u015fletim sistemi, taray\u0131c\u0131n\u0131n i\u00e7 \u00e7\u00f6z\u00fcn\u00fcrl\u00fc\u011f\u00fc, ekran \u00e7\u00f6z\u00fcn\u00fcrl\u00fc\u011f\u00fc, etkinle\u015ftirilmi\u015f java dili, java\u2019n\u0131n a\u00e7\u0131k\/kapal\u0131 oldu\u011fu, \u00e7erezlerin a\u00e7\u0131k\/kapal\u0131 oldu\u011fu, renk derinli\u011fi, ba\u015fvurulan URL, IP adresi (sadece anonim olarak toplanarak ve kullan\u0131mdan sonra derhal silinmek \u00fczere), ba\u011flanma zaman\u0131, t\u0131klamalar, sipari\u015f de\u011ferleri, al\u0131\u015fveri\u015f kartlar\u0131 ve anonim k\u0131l\u0131nan \u015fekil i\u00e7eri\u011fi.\u00a0 Bu verilerin hi\u00e7biri, hi\u00e7bir zaman do\u011frudan size atfedilemez ve tekil kimlik \u00fczerinde toplanmaz. Toplanan veri, internet istatistiklerinin temelini te\u015fkil eden anonim kullan\u0131c\u0131 profilleri olu\u015fturmakta kullan\u0131l\u0131r.<\/p><p>\u00a0<\/p><p>Google Analytics ve Yandex Metrica arac\u0131l\u0131\u011f\u0131yla toplanan bilgi, ziyaret\u00e7ilerin a\u00e7\u0131k onay\u0131 olmaks\u0131z\u0131n kimliklerini tespit etmekte kullan\u0131lmamakta ve herhangi bir ki\u015fisel veriyle birle\u015ftirilmemektedir. Bu verilerin do\u011frudan ki\u015fiselle\u015ftirilmesi halinde a\u00e7\u0131k r\u0131za aranacakt\u0131r.<\/p><ol start=\"2\"><li><strong>Ki\u015fisel Verilerinizin \u0130\u015flenme Ama\u00e7lar\u0131<\/strong><\/li><\/ol><p>Ki\u015fisel verileriniz Kanun Madde 5\/2\u2019de d\u00fczenlenen i\u015fleme \u015fartlar\u0131 \u00e7er\u00e7evesinde; <strong>(i) <\/strong>teknik sebeplerden dolay\u0131, internet taray\u0131c\u0131n\u0131z Sitemize her eri\u015fti\u011finde internet sunucumuza g\u00f6nderilen bilgiler (eri\u015fim tarihi, saati, Link yapan internet sitesinin URL\u2019si, eri\u015filen dosyalar, aktar\u0131lan veri hacmi, taray\u0131c\u0131 tipi v-s\u00fcr\u00fcm\u00fc, i\u015fletim sistemi ve IP adresi gibi), <strong>(ii)<\/strong> Site\u2019nin i\u015flevselli\u011finin sa\u011flanmas\u0131, <strong>(iii)<\/strong> Hatalar\u0131 d\u00fczeltmek ve g\u00fcvenlik olaylar\u0131n\u0131 a\u00e7\u0131kl\u0131\u011fa kavu\u015fturmak, <strong>(iv)<\/strong> g\u00fcvenli online eri\u015fimi ve \u00fcye oturumu a\u00e7man\u0131z\u0131 kolayla\u015ft\u0131rmak ve h\u0131zland\u0131rmak,<strong> (v) <\/strong>trafik istatistikleri olu\u015fturmak ve \u0130nternet Siteleri\u2019nden nas\u0131l haberdar oldu\u011funuzu belirlemek,<strong> (vii) <\/strong>\u0130nternet Sitelerini kullan\u0131m\u0131n\u0131z\u0131 daha keyifli hale getirip kullan\u0131m\u0131n\u0131 ve i\u015flevselli\u011fini art\u0131rmak; beklentilerinize ve ilgi alanlar\u0131n\u0131za uygun hale getirilmi\u015f i\u00e7erik sunmak, <strong>(vi) <\/strong>tercihlerinizi ve son sat\u0131n almalar\u0131n\u0131z\u0131 g\u00f6z \u00f6n\u00fcnde bulundurarak ticari tekliflerde bulunmak, tekliflerimizi geli\u015ftirmek ama\u00e7lar\u0131 ile i\u015flenmekte ve \u015eirket\u2019in kullanmakta oldu\u011fu alt yap\u0131n\u0131n bulutta bulunan sunucular\u0131nda saklanmaktad\u0131r.<\/p><ol start=\"3\"><li><strong>Ki\u015fisel Verilerinizin \u00dc\u00e7\u00fcnc\u00fc Ki\u015filere ve\/veya Yurtd\u0131\u015f\u0131na Aktar\u0131lmas\u0131<\/strong><\/li><\/ol><p>Ki\u015fisel verileriniz, i\u015fbu Ayd\u0131nlatma Metni\u2019nin \u201cKi\u015fisel Verilerinizin \u0130\u015flenme Ama\u00e7lar\u0131\u201d ba\u015fl\u0131kl\u0131 b\u00f6l\u00fcm\u00fcnde belirtilen ama\u00e7lar do\u011frultusunda KVKK madde \u00a08 ve 9 kapsam\u0131nda gerekli teknik tedbirleri al\u0131nmak kayd\u0131 ile <strong>(i)<\/strong> bilgi g\u00fcvenli\u011fi s\u00fcre\u00e7lerinin y\u00fcr\u00fct\u00fclmesi amac\u0131yla depolama, ar\u015fivleme, bar\u0131nd\u0131rma (sunucu, hosting, program, bulut bili\u015fim) gibi alanlarda destek ald\u0131\u011f\u0131 \u00fc\u00e7\u00fcnc\u00fc ki\u015filere, <strong>(ii) <\/strong>i\u015f faaliyetlerinin y\u00fcr\u00fct\u00fclmesi ve planlanmas\u0131 amac\u0131yla i\u015f \u00f6zelinde \u00e7al\u0131\u015ft\u0131\u011f\u0131m\u0131z i\u015f ortaklar\u0131 ve <strong>(iii)<\/strong> Analitik hizmet ald\u0131\u011f\u0131m\u0131z \u015firketlere ve (<strong>iv<\/strong>) talep edilmesi halinde yasal merciiler ile payla\u015f\u0131lmaktad\u0131r.<strong style=\"letter-spacing: -0.3px;\">\u00a0<\/strong><\/p><ol start=\"4\"><li><strong>\u0130lgili Ki\u015finin Haklar\u0131n\u0131z<\/strong><\/li><\/ol><div><b>\u00a0<\/b><\/div><p>KVKK 11. maddesi uyar\u0131nca haklar\u0131n\u0131z a\u015fa\u011f\u0131da yer almaktad\u0131r:<\/p><p>\u00a0<\/p><ul><li>ki\u015fisel veri i\u015flenip i\u015flenmedi\u011fini \u00f6\u011frenme,<\/li><li>ki\u015fisel verileri i\u015flenmi\u015fse buna ili\u015fkin bilgi talep etme,<\/li><li>ki\u015fisel verilerin i\u015flenme amac\u0131n\u0131 ve bunlar\u0131n amac\u0131na uygun kullan\u0131l\u0131p kullan\u0131lmad\u0131\u011f\u0131n\u0131 \u00f6\u011frenme,<\/li><li>yurt i\u00e7inde veya yurt d\u0131\u015f\u0131nda ki\u015fisel verilerin aktar\u0131ld\u0131\u011f\u0131 \u00fc\u00e7\u00fcnc\u00fc ki\u015fileri bilme,<\/li><li>ki\u015fisel verilerin eksik veya yanl\u0131\u015f i\u015flenmi\u015f olmas\u0131 h\u00e2linde bunlar\u0131n d\u00fczeltilmesini isteme ve bu kapsamda yap\u0131lan i\u015flemin ki\u015fisel verilerin aktar\u0131ld\u0131\u011f\u0131 \u00fc\u00e7\u00fcnc\u00fc ki\u015filere bildirilmesini isteme,<\/li><li>KVKK ve ilgili di\u011fer kanun h\u00fck\u00fcmlerine uygun olarak i\u015flenmi\u015f olmas\u0131na ra\u011fmen, i\u015flenmesini gerektiren sebeplerin ortadan kalkmas\u0131 h\u00e2linde ki\u015fisel verilerin silinmesini veya yok edilmesini isteme ve bu kapsamda yap\u0131lan i\u015flemin ki\u015fisel verilerin aktar\u0131ld\u0131\u011f\u0131 \u00fc\u00e7\u00fcnc\u00fc ki\u015filere bildirilmesini isteme,<\/li><li>i\u015flenen verilerin m\u00fcnhas\u0131ran otomatik sistemler vas\u0131tas\u0131yla analiz edilmesi suretiyle ki\u015finin kendisi aleyhine bir sonucun ortaya \u00e7\u0131kmas\u0131na itiraz etme,<\/li><li>ki\u015fisel verilerin kanuna ayk\u0131r\u0131 olarak i\u015flenmesi sebebiyle zarara u\u011framas\u0131 h\u00e2linde zarar\u0131n giderilmesini talep etme.<\/li><\/ul><p>Ve her hal\u00fck\u00e2rda \u00e7erezleri kontrol etme haklar\u0131n\u0131z mevcuttur. Buna g\u00f6re a\u015fa\u011f\u0131daki kanallardan diledi\u011finiz zaman taray\u0131c\u0131n\u0131z\u0131n ayarlar\u0131n\u0131 de\u011fi\u015ftirerek \u00e7erezlere ili\u015fkin tercihlerinizi ki\u015fiselle\u015ftirme imkan\u0131na sahip oldu\u011funuz hat\u0131rlatmak isteriz.<\/p><p><span style=\"letter-spacing: -0.3px;\">\u00a0<\/span><\/p><table width=\"100%\"><tbody><tr><td width=\"19%\">Adobe Analytics<\/td><td width=\"80%\"><p><a href=\"http:\/\/www.adobe.com\/uk\/privacy\/opt-out.html\" target=\"_blank\" rel=\"noopener\">http:\/\/www.adobe.com\/uk\/privacy\/opt-out.html<\/a><\/p><p>\u00a0<\/p><\/td><\/tr><tr><td width=\"19%\">AOL<\/td><td width=\"80%\"><a href=\"https:\/\/help.aol.com\/articles\/restore-security-settings-and-enable-cookie-settings-on-browser\" target=\"_blank\" rel=\"noopener\">https:\/\/help.aol.com\/articles\/restore-security-settings-and-enable-cookie-settings-on-browser<\/a><\/td><\/tr><tr><td width=\"19%\">Google Adwords<\/td><td width=\"80%\"><a href=\"https:\/\/support.google.com\/ads\/answer\/2662922?hl=en\" target=\"_blank\" rel=\"noopener\">https:\/\/support.google.com\/ads\/answer\/2662922?hl=en<\/a><\/td><\/tr><tr><td width=\"19%\">Google Chrome<\/td><td width=\"80%\"><p><a href=\"http:\/\/www.google.com\/support\/chrome\/bin\/answer.py?hl=en&amp;answer=95647\" target=\"_blank\" rel=\"noopener\">http:\/\/www.google.com\/support\/chrome\/bin\/answer.py?hl=en&amp;answer=95647<\/a><\/p><p>\u00a0<\/p><\/td><\/tr><tr><td width=\"19%\">MozillaFirefox<\/td><td width=\"80%\"><p><a href=\"http:\/\/support.mozilla.com\/en-US\/kb\/Cookies\" target=\"_blank\" rel=\"noopener\">http:\/\/support.mozilla.com\/en-US\/kb\/Cookies<\/a><\/p><p>\u00a0<\/p><\/td><\/tr><tr><td width=\"19%\">Opera<\/td><td width=\"80%\"><p><a href=\"http:\/\/www.opera.com\/browser\/tutorials\/security\/privacy\/\" target=\"_blank\" rel=\"noopener\">http:\/\/www.opera.com\/browser\/tutorials\/security\/privacy\/<\/a><\/p><p>\u00a0<\/p><\/td><\/tr><tr><td width=\"19%\">Safari:<\/td><td width=\"80%\"><a href=\"https:\/\/support.apple.com\/kb\/ph19214?locale=tr_TR\" target=\"_blank\" rel=\"noopener\">https:\/\/support.apple.com\/kb\/ph19214?locale=tr_TR<\/a><\/td><\/tr><\/tbody><\/table><p>\u0130\u015fbu madde uyar\u0131nca haklar\u0131n\u0131za ili\u015fkin taleplerinizi [.] adresine (noter vas\u0131tas\u0131yla veya iadeli taahh\u00fctl\u00fc posta yoluyla) \u0131slak imzal\u0131 olarak g\u00f6nderebilirsiniz.<\/p><p>\u00a0<\/p><p>\u015eirketimiz, bu kapsamdaki taleplerinizi, talebin niteli\u011fine g\u00f6re en k\u0131sa s\u00fcrede ve en ge\u00e7 otuz g\u00fcn i\u00e7inde \u00fccretsiz olarak sonu\u00e7land\u0131racakt\u0131r. Ancak, i\u015flemin ayr\u0131ca bir maliyeti gerektirmesi halinde, Kurulca belirlenen tarifedeki \u00fccret al\u0131nabilecektir. \u015eirketimizin cevap vermeden \u00f6nce kimli\u011finizi do\u011frulama hakk\u0131 sakl\u0131d\u0131r.<\/p><p>\u00a0<\/p><p><strong>\u00c7erez (Cookie) Kullan\u0131m\u0131na \u0130li\u015fkin Banner<\/strong><\/p><p>\u00a0<\/p><p>Sitemizi kullan\u0131rken internet sitemizden en verimli \u015fekilde faydalanabilmeniz, Sitede gezinmeniz ve g\u00fcvenli eri\u015fim sa\u011flaman\u0131 ile Sitemizde kullan\u0131c\u0131 analizleri yap\u0131lmas\u0131 amac\u0131yla yasal d\u00fczenlemelere uygun \u00e7erezler (cookies) kullan\u0131yoruz. Sitemizi ziyaretiniz esnas\u0131nda toplanan\/kullanan\/i\u015flenen verilere ili\u015fkin d\u00fczenlemelere <u>\u00c7erez Politikas\u0131 ve \u0130nternet Ayd\u0131nlatma Metnimiz\u2019den<\/u> ula\u015fabilirsiniz.<\/p><p>\u00a0<\/p>\t\t\t\t\t<\/div>\n\t\t\t\t\t\t<\/div>\n\t\t\t\t<\/div>\n\t\t\t\t\t\t<\/div>\n\t\t\t\t\t<\/div>\n\t\t<\/div>\n\t\t\t\t\t\t\t\t<\/div>\n\t\t\t\t\t<\/div>\n\t\t<\/section>\n\t\t\t\t\t\t\t\t\t<\/div>\n\t\t\t<\/div>\n\t\t\t\t\t<\/div>\n\t\t","protected":false},"excerpt":{"rendered":"<p>\u00c7erez Politikas\u0131 ve \u0130nternet Ayd\u0131nlatma Metni Beeasist Teknoloji Anonim \u015eirketi (\u201c\u015eirket\u201d) olarak sahibi oldu\u011fumuz https:\/\/beeasist.com\/ ve http:\/\/app.beeasist.com adresli internet siteleri (birlikte \u201cSite\u201d olarak an\u0131lacakt\u0131r) kapsam\u0131nda elde etti\u011fimiz ve i\u015fledi\u011fimi ki\u015fisel verilerin gizlili\u011fine m\u00fc\u015fterek veri sorumlusu olarak \u00f6nem veriyoruz. \u00a0 \u0130\u015fbu Ayd\u0131nlatma Metni ile Sitemizi ziyaretiniz esnas\u0131nda Site\u2019de konumland\u0131r\u0131lm\u0131\u015f \u00e7erezler vas\u0131tas\u0131 ile elde etti\u011fimiz ki\u015fisel verilerinize [&hellip;]<\/p>\n","protected":false},"author":1,"featured_media":0,"parent":0,"menu_order":0,"comment_status":"closed","ping_status":"closed","template":"elementor_header_footer","meta":[],"_links":{"self":[{"href":"https:\/\/beeasist.com\/en\/wp-json\/wp\/v2\/pages\/403"}],"collection":[{"href":"https:\/\/beeasist.com\/en\/wp-json\/wp\/v2\/pages"}],"about":[{"href":"https:\/\/beeasist.com\/en\/wp-json\/wp\/v2\/types\/page"}],"author":[{"embeddable":true,"href":"https:\/\/beeasist.com\/en\/wp-json\/wp\/v2\/users\/1"}],"replies":[{"embeddable":true,"href":"https:\/\/beeasist.com\/en\/wp-json\/wp\/v2\/comments?post=403"}],"version-history":[{"count":0,"href":"https:\/\/beeasist.com\/en\/wp-json\/wp\/v2\/pages\/403\/revisions"}],"wp:attachment":[{"href":"https:\/\/beeasist.com\/en\/wp-json\/wp\/v2\/media?parent=403"}],"curies":[{"name":"wp","href":"https:\/\/api.w.org\/{rel}","templated":true}]}}