{"id":6338,"date":"2022-12-18T23:27:31","date_gmt":"2022-12-18T23:27:31","guid":{"rendered":"https:\/\/beeasist.com\/?page_id=6338"},"modified":"2023-01-02T21:09:47","modified_gmt":"2023-01-02T21:09:47","slug":"kullanici-elektronik-ticari-ileti-onayi","status":"publish","type":"page","link":"https:\/\/beeasist.com\/en\/kullanici-elektronik-ticari-ileti-onayi\/","title":{"rendered":"Kullan\u0131c\u0131 Elektronik Ticari \u0130leti Onay\u0131"},"content":{"rendered":"\t\t<div data-elementor-type=\"wp-page\" data-elementor-id=\"6338\" class=\"elementor elementor-6338\">\n\t\t\t\t\t\t<div class=\"elementor-inner\">\n\t\t\t\t<div class=\"elementor-section-wrap\">\n\t\t\t\t\t\t\t\t\t<section class=\"elementor-section elementor-top-section elementor-element elementor-element-0ab982d elementor-section-boxed elementor-section-height-default elementor-section-height-default\" data-id=\"0ab982d\" data-element_type=\"section\" data-settings=\"{&quot;background_background&quot;:&quot;classic&quot;}\">\n\t\t\t\t\t\t<div class=\"elementor-container elementor-column-gap-default\">\n\t\t\t\t\t\t\t<div class=\"elementor-row\">\n\t\t\t\t\t<div class=\"elementor-column elementor-col-100 elementor-top-column elementor-element elementor-element-0213250\" data-id=\"0213250\" data-element_type=\"column\" data-settings=\"{&quot;background_background&quot;:&quot;classic&quot;}\">\n\t\t\t<div class=\"elementor-column-wrap elementor-element-populated\">\n\t\t\t\t\t\t\t<div class=\"elementor-widget-wrap\">\n\t\t\t\t\t\t<div class=\"elementor-element elementor-element-757226f elementor-widget elementor-widget-heading\" data-id=\"757226f\" data-element_type=\"widget\" data-widget_type=\"heading.default\">\n\t\t\t\t<div class=\"elementor-widget-container\">\n\t\t\t<style>\/*! elementor - v3.11.1 - 15-02-2023 *\/\n.elementor-heading-title{padding:0;margin:0;line-height:1}.elementor-widget-heading .elementor-heading-title[class*=elementor-size-]>a{color:inherit;font-size:inherit;line-height:inherit}.elementor-widget-heading .elementor-heading-title.elementor-size-small{font-size:15px}.elementor-widget-heading .elementor-heading-title.elementor-size-medium{font-size:19px}.elementor-widget-heading .elementor-heading-title.elementor-size-large{font-size:29px}.elementor-widget-heading .elementor-heading-title.elementor-size-xl{font-size:39px}.elementor-widget-heading .elementor-heading-title.elementor-size-xxl{font-size:59px}<\/style><h3 class=\"elementor-heading-title elementor-size-default\">Kullan\u0131c\u0131 Elektronik Ticari \u0130leti Onay\u0131<\/h3>\t\t<\/div>\n\t\t\t\t<\/div>\n\t\t\t\t<div class=\"elementor-element elementor-element-eb04353 elementor-widget elementor-widget-text-editor\" data-id=\"eb04353\" data-element_type=\"widget\" data-widget_type=\"text-editor.default\">\n\t\t\t\t<div class=\"elementor-widget-container\">\n\t\t\t<style>\/*! elementor - v3.11.1 - 15-02-2023 *\/\n.elementor-widget-text-editor.elementor-drop-cap-view-stacked .elementor-drop-cap{background-color:#818a91;color:#fff}.elementor-widget-text-editor.elementor-drop-cap-view-framed .elementor-drop-cap{color:#818a91;border:3px solid;background-color:transparent}.elementor-widget-text-editor:not(.elementor-drop-cap-view-default) .elementor-drop-cap{margin-top:8px}.elementor-widget-text-editor:not(.elementor-drop-cap-view-default) .elementor-drop-cap-letter{width:1em;height:1em}.elementor-widget-text-editor .elementor-drop-cap{float:left;text-align:center;line-height:1;font-size:50px}.elementor-widget-text-editor .elementor-drop-cap-letter{display:inline-block}<\/style>\t\t\t\t\t<div class=\"elementor-text-editor elementor-clearfix\">\n\t\t\t\t<p><strong>Beeasist Teknoloji A.\u015e. <\/strong>taraf\u0131ndan \u00fcr\u00fcn ve hizmetlerinin tan\u0131t\u0131m\u0131 i\u00e7in taraf\u0131mla ileti\u015fime ge\u00e7ilmesini kabul ediyorum.<\/p><p>\u00a0<\/p><p><b style=\"color: #202124; font-family: arial, sans-serif; font-size: 14px; letter-spacing: normal;\">\u25a2<\/b>\u00a0Evet;<\/p><p>\u00a0<\/p><p><b style=\"color: #202124; font-family: arial, sans-serif; font-size: 14px; letter-spacing: normal;\">\u25a2\u00a0<\/b><span style=\"letter-spacing: -0.3px;\">Hay\u0131r<\/span><\/p><p>\u00a0<\/p>\t\t\t\t\t<\/div>\n\t\t\t\t\t\t<\/div>\n\t\t\t\t<\/div>\n\t\t\t\t\t\t<\/div>\n\t\t\t\t\t<\/div>\n\t\t<\/div>\n\t\t\t\t\t\t\t\t<\/div>\n\t\t\t\t\t<\/div>\n\t\t<\/section>\n\t\t\t\t\t\t\t\t\t<\/div>\n\t\t\t<\/div>\n\t\t\t\t\t<\/div>\n\t\t","protected":false},"excerpt":{"rendered":"<p>Kullan\u0131c\u0131 Elektronik Ticari \u0130leti Onay\u0131 Beeasist Teknoloji A.\u015e. taraf\u0131ndan \u00fcr\u00fcn ve hizmetlerinin tan\u0131t\u0131m\u0131 i\u00e7in taraf\u0131mla ileti\u015fime ge\u00e7ilmesini kabul ediyorum. \u00a0 \u25a2\u00a0Evet; \u00a0 \u25a2\u00a0Hay\u0131r \u00a0<\/p>\n","protected":false},"author":1,"featured_media":0,"parent":0,"menu_order":0,"comment_status":"closed","ping_status":"closed","template":"elementor_header_footer","meta":[],"_links":{"self":[{"href":"https:\/\/beeasist.com\/en\/wp-json\/wp\/v2\/pages\/6338"}],"collection":[{"href":"https:\/\/beeasist.com\/en\/wp-json\/wp\/v2\/pages"}],"about":[{"href":"https:\/\/beeasist.com\/en\/wp-json\/wp\/v2\/types\/page"}],"author":[{"embeddable":true,"href":"https:\/\/beeasist.com\/en\/wp-json\/wp\/v2\/users\/1"}],"replies":[{"embeddable":true,"href":"https:\/\/beeasist.com\/en\/wp-json\/wp\/v2\/comments?post=6338"}],"version-history":[{"count":0,"href":"https:\/\/beeasist.com\/en\/wp-json\/wp\/v2\/pages\/6338\/revisions"}],"wp:attachment":[{"href":"https:\/\/beeasist.com\/en\/wp-json\/wp\/v2\/media?parent=6338"}],"curies":[{"name":"wp","href":"https:\/\/api.w.org\/{rel}","templated":true}]}}