{"id":9491,"date":"2023-11-17T10:40:17","date_gmt":"2023-11-17T10:40:17","guid":{"rendered":"https:\/\/beeasist.com\/?page_id=9491"},"modified":"2024-08-16T08:56:34","modified_gmt":"2024-08-16T08:56:34","slug":"tesekkurler","status":"publish","type":"page","link":"https:\/\/beeasist.com\/en\/tesekkurler\/","title":{"rendered":"Te\u015fekk\u00fcrler"},"content":{"rendered":"\t\t<div data-elementor-type=\"wp-page\" data-elementor-id=\"9491\" class=\"elementor elementor-9491\">\n\t\t\t\t\t\t<div class=\"elementor-inner\">\n\t\t\t\t<div class=\"elementor-section-wrap\">\n\t\t\t\t\t\t\t\t\t<section class=\"elementor-section elementor-top-section elementor-element elementor-element-69a2f28 elementor-section-boxed elementor-section-height-default elementor-section-height-default\" data-id=\"69a2f28\" data-element_type=\"section\" data-settings=\"{&quot;background_background&quot;:&quot;classic&quot;}\">\n\t\t\t\t\t\t<div class=\"elementor-container elementor-column-gap-default\">\n\t\t\t\t\t\t\t<div class=\"elementor-row\">\n\t\t\t\t\t<div class=\"elementor-column elementor-col-100 elementor-top-column elementor-element elementor-element-3c6a113\" data-id=\"3c6a113\" data-element_type=\"column\" data-settings=\"{&quot;background_background&quot;:&quot;classic&quot;}\">\n\t\t\t<div class=\"elementor-column-wrap elementor-element-populated\">\n\t\t\t\t\t\t\t<div class=\"elementor-widget-wrap\">\n\t\t\t\t\t\t<div class=\"elementor-element elementor-element-df35334 elementor-widget elementor-widget-heading\" data-id=\"df35334\" data-element_type=\"widget\" data-widget_type=\"heading.default\">\n\t\t\t\t<div class=\"elementor-widget-container\">\n\t\t\t<style>\/*! elementor - v3.11.1 - 15-02-2023 *\/\n.elementor-heading-title{padding:0;margin:0;line-height:1}.elementor-widget-heading .elementor-heading-title[class*=elementor-size-]>a{color:inherit;font-size:inherit;line-height:inherit}.elementor-widget-heading .elementor-heading-title.elementor-size-small{font-size:15px}.elementor-widget-heading .elementor-heading-title.elementor-size-medium{font-size:19px}.elementor-widget-heading .elementor-heading-title.elementor-size-large{font-size:29px}.elementor-widget-heading .elementor-heading-title.elementor-size-xl{font-size:39px}.elementor-widget-heading .elementor-heading-title.elementor-size-xxl{font-size:59px}<\/style><h2 class=\"elementor-heading-title elementor-size-default\">Te\u015fekk\u00fcr ederiz<\/h2>\t\t<\/div>\n\t\t\t\t<\/div>\n\t\t\t\t<div class=\"elementor-element elementor-element-d5d9c0a elementor-widget elementor-widget-heading\" data-id=\"d5d9c0a\" data-element_type=\"widget\" data-e-bg-lazyload=\".elementor-widget-container\" data-widget_type=\"heading.default\">\n\t\t\t\t<div class=\"elementor-widget-container\">\n\t\t\t<h3 class=\"elementor-heading-title elementor-size-default\">Kayd\u0131n\u0131z bize ula\u015fm\u0131\u015ft\u0131r. En k\u0131sa s\u00fcrede sizinle ileti\u015fim kuraca\u011f\u0131z<\/h3>\t\t<\/div>\n\t\t\t\t<\/div>\n\t\t\t\t\t\t<\/div>\n\t\t\t\t\t<\/div>\n\t\t<\/div>\n\t\t\t\t\t\t\t\t<\/div>\n\t\t\t\t\t<\/div>\n\t\t<\/section>\n\t\t\t\t\t\t\t\t\t<\/div>\n\t\t\t<\/div>\n\t\t\t\t\t<\/div>\n\t\t","protected":false},"excerpt":{"rendered":"<p>Te\u015fekk\u00fcr ederiz Kayd\u0131n\u0131z bize ula\u015fm\u0131\u015ft\u0131r. En k\u0131sa s\u00fcrede sizinle ileti\u015fim kuraca\u011f\u0131z<\/p>\n","protected":false},"author":5,"featured_media":0,"parent":0,"menu_order":0,"comment_status":"closed","ping_status":"closed","template":"elementor_header_footer","meta":[],"_links":{"self":[{"href":"https:\/\/beeasist.com\/en\/wp-json\/wp\/v2\/pages\/9491"}],"collection":[{"href":"https:\/\/beeasist.com\/en\/wp-json\/wp\/v2\/pages"}],"about":[{"href":"https:\/\/beeasist.com\/en\/wp-json\/wp\/v2\/types\/page"}],"author":[{"embeddable":true,"href":"https:\/\/beeasist.com\/en\/wp-json\/wp\/v2\/users\/5"}],"replies":[{"embeddable":true,"href":"https:\/\/beeasist.com\/en\/wp-json\/wp\/v2\/comments?post=9491"}],"version-history":[{"count":7,"href":"https:\/\/beeasist.com\/en\/wp-json\/wp\/v2\/pages\/9491\/revisions"}],"predecessor-version":[{"id":11951,"href":"https:\/\/beeasist.com\/en\/wp-json\/wp\/v2\/pages\/9491\/revisions\/11951"}],"wp:attachment":[{"href":"https:\/\/beeasist.com\/en\/wp-json\/wp\/v2\/media?parent=9491"}],"curies":[{"name":"wp","href":"https:\/\/api.w.org\/{rel}","templated":true}]}}