{"id":13412,"date":"2026-03-06T17:47:58","date_gmt":"2026-03-06T17:47:58","guid":{"rendered":"https:\/\/beeasist.com\/?page_id=13412"},"modified":"2026-03-06T17:59:18","modified_gmt":"2026-03-06T17:59:18","slug":"hesap-silme-politikasi","status":"publish","type":"page","link":"https:\/\/beeasist.com\/ro\/hesap-silme-politikasi\/","title":{"rendered":"Hesap Silme Politikas\u0131"},"content":{"rendered":"\t\t<div data-elementor-type=\"wp-page\" data-elementor-id=\"13412\" class=\"elementor elementor-13412 elementor-13419\">\n\t\t\t\t\t\t<div class=\"elementor-inner\">\n\t\t\t\t<div class=\"elementor-section-wrap\">\n\t\t\t\t\t\t\t\t\t<section class=\"elementor-section elementor-top-section elementor-element elementor-element-69a2f28 elementor-section-boxed elementor-section-height-default elementor-section-height-default\" data-id=\"69a2f28\" data-element_type=\"section\" data-settings=\"{&quot;background_background&quot;:&quot;classic&quot;}\">\n\t\t\t\t\t\t<div class=\"elementor-container elementor-column-gap-default\">\n\t\t\t\t\t\t\t<div class=\"elementor-row\">\n\t\t\t\t\t<div class=\"elementor-column elementor-col-100 elementor-top-column elementor-element elementor-element-dc5b889\" data-id=\"dc5b889\" data-element_type=\"column\" data-settings=\"{&quot;background_background&quot;:&quot;classic&quot;}\">\n\t\t\t<div class=\"elementor-column-wrap elementor-element-populated\">\n\t\t\t\t\t\t\t<div class=\"elementor-widget-wrap\">\n\t\t\t\t\t\t<div class=\"elementor-element elementor-element-08161d7 elementor-widget elementor-widget-heading\" data-id=\"08161d7\" data-element_type=\"widget\" data-widget_type=\"heading.default\">\n\t\t\t\t<div class=\"elementor-widget-container\">\n\t\t\t<style>\/*! elementor - v3.11.1 - 15-02-2023 *\/\n.elementor-heading-title{padding:0;margin:0;line-height:1}.elementor-widget-heading .elementor-heading-title[class*=elementor-size-]>a{color:inherit;font-size:inherit;line-height:inherit}.elementor-widget-heading .elementor-heading-title.elementor-size-small{font-size:15px}.elementor-widget-heading .elementor-heading-title.elementor-size-medium{font-size:19px}.elementor-widget-heading .elementor-heading-title.elementor-size-large{font-size:29px}.elementor-widget-heading .elementor-heading-title.elementor-size-xl{font-size:39px}.elementor-widget-heading .elementor-heading-title.elementor-size-xxl{font-size:59px}<\/style><h3 class=\"elementor-heading-title elementor-size-default\">Hesap Silme Politikas\u0131<\/h3>\t\t<\/div>\n\t\t\t\t<\/div>\n\t\t\t\t<div class=\"elementor-element elementor-element-70a1054 elementor-widget elementor-widget-text-editor\" data-id=\"70a1054\" data-element_type=\"widget\" data-widget_type=\"text-editor.default\">\n\t\t\t\t<div class=\"elementor-widget-container\">\n\t\t\t<style>\/*! elementor - v3.11.1 - 15-02-2023 *\/\n.elementor-widget-text-editor.elementor-drop-cap-view-stacked .elementor-drop-cap{background-color:#818a91;color:#fff}.elementor-widget-text-editor.elementor-drop-cap-view-framed .elementor-drop-cap{color:#818a91;border:3px solid;background-color:transparent}.elementor-widget-text-editor:not(.elementor-drop-cap-view-default) .elementor-drop-cap{margin-top:8px}.elementor-widget-text-editor:not(.elementor-drop-cap-view-default) .elementor-drop-cap-letter{width:1em;height:1em}.elementor-widget-text-editor .elementor-drop-cap{float:left;text-align:center;line-height:1;font-size:50px}.elementor-widget-text-editor .elementor-drop-cap-letter{display:inline-block}<\/style>\t\t\t\t\t<div class=\"elementor-text-editor elementor-clearfix\">\n\t\t\t\t<p>Bu sayfa, mobil uygulamam\u0131z \u00fczerinden kullan\u0131c\u0131 hesab\u0131n\u0131n nas\u0131l <strong>kal\u0131c\u0131 olarak silinebilece\u011fini<\/strong> a\u00e7\u0131klamak amac\u0131yla haz\u0131rlanm\u0131\u015ft\u0131r.<\/p><p>Hesap silme i\u015flemi, kullan\u0131c\u0131 taraf\u0131ndan uygulama i\u00e7erisinden manuel olarak ba\u015flat\u0131labilir ve i\u015flem tamamland\u0131\u011f\u0131nda <strong>kullan\u0131c\u0131ya ait veriler sistemden geri d\u00f6nd\u00fcr\u00fclemez \u015fekilde kald\u0131r\u0131l\u0131r.<\/strong><\/p><p>Bu politika, hem <strong>Google Play Store<\/strong> hem de <strong>App Store<\/strong> hesap silme gerekliliklerine uygun olarak haz\u0131rlanm\u0131\u015ft\u0131r.<\/p><h2>Uygulama \u00dczerinden Hesap Silme Ad\u0131mlar\u0131<\/h2><p>Kullan\u0131c\u0131lar hesaplar\u0131n\u0131 a\u015fa\u011f\u0131daki ad\u0131mlar\u0131 takip ederek silebilirler:<\/p><ol><li>Mobil uygulamaya giri\u015f yap\u0131n.<\/li><li><strong>Profilim<\/strong> sayfas\u0131na gidin.<\/li><li><strong>Hesab\u0131m\u0131 Sil<\/strong> se\u00e7ene\u011fine t\u0131klay\u0131n.<\/li><li>A\u00e7\u0131lan ekranda <strong>silme nedenini se\u00e7in<\/strong> (opsiyoneldir).<\/li><li>\u0130ste\u011fe ba\u011fl\u0131 olarak <strong>ek a\u00e7\u0131klama (additional text)<\/strong> girebilirsiniz. (Bu alan zorunlu de\u011fildir.)<\/li><li>Silme i\u015flemini <strong>onaylay\u0131n<\/strong>.<\/li><\/ol><p>\u00a0<\/p><p>Onay sonras\u0131nda <strong>hesap silme s\u00fcreci ba\u015flat\u0131l\u0131r<\/strong> ve i\u015flem tamamland\u0131\u011f\u0131nda kullan\u0131c\u0131 hesab\u0131 <strong>kal\u0131c\u0131 olarak silinir<\/strong>.<\/p><h2>Silme \u0130\u015flemi Sonras\u0131 Ne Olur?<\/h2><p>Hesap silme i\u015flemi tamamland\u0131ktan sonra:<\/p><ul><li><strong>Kullan\u0131c\u0131 profili<\/strong> kal\u0131c\u0131 olarak silinir.<\/li><li><strong>Ki\u015fisel bilgiler<\/strong> sistemden kald\u0131r\u0131l\u0131r.<\/li><li>Aktif abonelikler varsa <strong>iptal edilir<\/strong>.<\/li><li>Hesap <strong>geri getirilemez<\/strong>.<\/li><li>Ayn\u0131 <strong>e-posta adresi ile yeniden kay\u0131t<\/strong> yap\u0131labilir.<\/li><\/ul><p>\u00a0<\/p><p><strong>Yasal y\u00fck\u00fcml\u00fcl\u00fckler<\/strong> kapsam\u0131nda saklanmas\u0131 gereken veriler (\u00f6rne\u011fin faturaland\u0131rma kay\u0131tlar\u0131), ilgili mevzuat s\u00fcresi boyunca<br \/><strong>g\u00fcvenli \u015fekilde saklanabilir<\/strong>.<\/p><div style=\"width: 480px;\" class=\"wp-video\"><!--[if lt IE 9]><script>document.createElement('video');<\/script><![endif]-->\n<video class=\"wp-video-shortcode\" id=\"video-13412-1\" width=\"480\" height=\"928\" preload=\"metadata\" controls=\"controls\"><source type=\"video\/mp4\" src=\"https:\/\/beeasist.com\/wp-content\/uploads\/2026\/03\/WhatsApp-Video-2026-03-05-at-18.07.53.mp4?_=1\" \/><a href=\"https:\/\/beeasist.com\/wp-content\/uploads\/2026\/03\/WhatsApp-Video-2026-03-05-at-18.07.53.mp4\">https:\/\/beeasist.com\/wp-content\/uploads\/2026\/03\/WhatsApp-Video-2026-03-05-at-18.07.53.mp4<\/a><\/video><\/div><h2>Destek ve \u0130leti\u015fim<\/h2><p>Hesap silme ile ilgili herhangi bir sorun ya\u015farsan\u0131z bizimle ileti\u015fime ge\u00e7ebilirsiniz:<\/p><div class=\"contact\"><p><strong>\ud83d\udce7 E-posta:<\/strong> developer@beeasist.com<\/p><p><strong>\ud83d\udcde Telefon:<\/strong> +90 212 909 2522<\/p><\/div><p>Destek talepleriniz <strong>en k\u0131sa s\u00fcrede yan\u0131tlanacakt\u0131r<\/strong>.<\/p>\t\t\t\t\t<\/div>\n\t\t\t\t\t\t<\/div>\n\t\t\t\t<\/div>\n\t\t\t\t\t\t<\/div>\n\t\t\t\t\t<\/div>\n\t\t<\/div>\n\t\t\t\t\t\t\t\t<\/div>\n\t\t\t\t\t<\/div>\n\t\t<\/section>\n\t\t\t\t\t\t\t\t\t<\/div>\n\t\t\t<\/div>\n\t\t\t\t\t<\/div>\n\t\t","protected":false},"excerpt":{"rendered":"<p>Hesap Silme Politikas\u0131 Bu sayfa, mobil uygulamam\u0131z \u00fczerinden kullan\u0131c\u0131 hesab\u0131n\u0131n nas\u0131l kal\u0131c\u0131 olarak silinebilece\u011fini a\u00e7\u0131klamak amac\u0131yla haz\u0131rlanm\u0131\u015ft\u0131r. Hesap silme i\u015flemi, kullan\u0131c\u0131 taraf\u0131ndan uygulama i\u00e7erisinden manuel olarak ba\u015flat\u0131labilir ve i\u015flem tamamland\u0131\u011f\u0131nda kullan\u0131c\u0131ya ait veriler sistemden geri d\u00f6nd\u00fcr\u00fclemez \u015fekilde kald\u0131r\u0131l\u0131r. Bu politika, hem Google Play Store hem de App Store hesap silme gerekliliklerine uygun olarak haz\u0131rlanm\u0131\u015ft\u0131r. Uygulama [&hellip;]<\/p>\n","protected":false},"author":5,"featured_media":0,"parent":0,"menu_order":0,"comment_status":"closed","ping_status":"closed","template":"elementor_header_footer","meta":[],"_links":{"self":[{"href":"https:\/\/beeasist.com\/ro\/wp-json\/wp\/v2\/pages\/13412"}],"collection":[{"href":"https:\/\/beeasist.com\/ro\/wp-json\/wp\/v2\/pages"}],"about":[{"href":"https:\/\/beeasist.com\/ro\/wp-json\/wp\/v2\/types\/page"}],"author":[{"embeddable":true,"href":"https:\/\/beeasist.com\/ro\/wp-json\/wp\/v2\/users\/5"}],"replies":[{"embeddable":true,"href":"https:\/\/beeasist.com\/ro\/wp-json\/wp\/v2\/comments?post=13412"}],"version-history":[{"count":10,"href":"https:\/\/beeasist.com\/ro\/wp-json\/wp\/v2\/pages\/13412\/revisions"}],"predecessor-version":[{"id":13433,"href":"https:\/\/beeasist.com\/ro\/wp-json\/wp\/v2\/pages\/13412\/revisions\/13433"}],"wp:attachment":[{"href":"https:\/\/beeasist.com\/ro\/wp-json\/wp\/v2\/media?parent=13412"}],"curies":[{"name":"wp","href":"https:\/\/api.w.org\/{rel}","templated":true}]}}