{"id":6506,"date":"2023-01-05T10:24:45","date_gmt":"2023-01-05T10:24:45","guid":{"rendered":"https:\/\/beeasist.com\/?page_id=6506"},"modified":"2026-04-01T08:15:37","modified_gmt":"2026-04-01T08:15:37","slug":"blog","status":"publish","type":"page","link":"https:\/\/beeasist.com\/ro\/blog\/","title":{"rendered":"Blog"},"content":{"rendered":"\t\t<div data-elementor-type=\"wp-page\" data-elementor-id=\"6506\" class=\"elementor elementor-6506\">\n\t\t\t\t\t\t<div class=\"elementor-inner\">\n\t\t\t\t<div class=\"elementor-section-wrap\">\n\t\t\t\t\t\t\t\t\t<section class=\"elementor-section elementor-top-section elementor-element elementor-element-4bb3414 elementor-section-boxed elementor-section-height-default elementor-section-height-default\" data-id=\"4bb3414\" data-element_type=\"section\" data-settings=\"{&quot;background_background&quot;:&quot;classic&quot;}\">\n\t\t\t\t\t\t<div class=\"elementor-container elementor-column-gap-default\">\n\t\t\t\t\t\t\t<div class=\"elementor-row\">\n\t\t\t\t\t<div class=\"elementor-column elementor-col-100 elementor-top-column elementor-element elementor-element-aa09819\" data-id=\"aa09819\" data-element_type=\"column\">\n\t\t\t<div class=\"elementor-column-wrap elementor-element-populated\">\n\t\t\t\t\t\t\t<div class=\"elementor-widget-wrap\">\n\t\t\t\t\t\t<section class=\"elementor-section elementor-inner-section elementor-element elementor-element-5033180 elementor-section-full_width elementor-section-height-default elementor-section-height-default\" data-id=\"5033180\" data-element_type=\"section\">\n\t\t\t\t\t\t<div class=\"elementor-container elementor-column-gap-default\">\n\t\t\t\t\t\t\t<div class=\"elementor-row\">\n\t\t\t\t\t<div class=\"elementor-column elementor-col-100 elementor-inner-column elementor-element elementor-element-afbb2d9\" data-id=\"afbb2d9\" data-element_type=\"column\">\n\t\t\t<div class=\"elementor-column-wrap elementor-element-populated\">\n\t\t\t\t\t\t\t<div class=\"elementor-widget-wrap\">\n\t\t\t\t\t\t<div class=\"elementor-element elementor-element-f70aee4 elementor-widget elementor-widget-shortcode\" data-id=\"f70aee4\" data-element_type=\"widget\" data-widget_type=\"shortcode.default\">\n\t\t\t\t<div class=\"elementor-widget-container\">\n\t\t\t\t\t<div class=\"elementor-shortcode\"><nav aria-label=\"breadcrumbs\" class=\"rank-math-breadcrumb\"><p><span class=\"last\">Ana Sayfa<\/span><\/p><\/nav><\/div>\n\t\t\t\t<\/div>\n\t\t\t\t<\/div>\n\t\t\t\t<div class=\"elementor-element elementor-element-4f67f73 elementor-widget elementor-widget-heading\" data-id=\"4f67f73\" data-element_type=\"widget\" data-widget_type=\"heading.default\">\n\t\t\t\t<div class=\"elementor-widget-container\">\n\t\t\t<style>\/*! elementor - v3.11.1 - 15-02-2023 *\/\n.elementor-heading-title{padding:0;margin:0;line-height:1}.elementor-widget-heading .elementor-heading-title[class*=elementor-size-]>a{color:inherit;font-size:inherit;line-height:inherit}.elementor-widget-heading .elementor-heading-title.elementor-size-small{font-size:15px}.elementor-widget-heading .elementor-heading-title.elementor-size-medium{font-size:19px}.elementor-widget-heading .elementor-heading-title.elementor-size-large{font-size:29px}.elementor-widget-heading .elementor-heading-title.elementor-size-xl{font-size:39px}.elementor-widget-heading .elementor-heading-title.elementor-size-xxl{font-size:59px}<\/style><h1 class=\"elementor-heading-title elementor-size-default\">Blog Yaz\u0131lar\u0131m\u0131z<\/h1>\t\t<\/div>\n\t\t\t\t<\/div>\n\t\t\t\t\t\t<\/div>\n\t\t\t\t\t<\/div>\n\t\t<\/div>\n\t\t\t\t\t\t\t\t<\/div>\n\t\t\t\t\t<\/div>\n\t\t<\/section>\n\t\t\t\t<div class=\"elementor-element elementor-element-14b1945 elementor-grid-3 elementor-grid-tablet-2 elementor-grid-mobile-1 elementor-posts--thumbnail-top elementor-posts__hover-gradient load-more-align-center elementor-widget elementor-widget-posts\" data-id=\"14b1945\" data-element_type=\"widget\" data-settings=\"{&quot;pagination_type&quot;:&quot;load_more_on_click&quot;,&quot;cards_columns&quot;:&quot;3&quot;,&quot;cards_columns_tablet&quot;:&quot;2&quot;,&quot;cards_columns_mobile&quot;:&quot;1&quot;,&quot;cards_row_gap&quot;:{&quot;unit&quot;:&quot;px&quot;,&quot;size&quot;:35,&quot;sizes&quot;:[]},&quot;cards_row_gap_tablet&quot;:{&quot;unit&quot;:&quot;px&quot;,&quot;size&quot;:&quot;&quot;,&quot;sizes&quot;:[]},&quot;cards_row_gap_mobile_extra&quot;:{&quot;unit&quot;:&quot;px&quot;,&quot;size&quot;:&quot;&quot;,&quot;sizes&quot;:[]},&quot;cards_row_gap_mobile&quot;:{&quot;unit&quot;:&quot;px&quot;,&quot;size&quot;:&quot;&quot;,&quot;sizes&quot;:[]},&quot;load_more_spinner&quot;:{&quot;value&quot;:&quot;fas fa-spinner&quot;,&quot;library&quot;:&quot;fa-solid&quot;}}\" data-widget_type=\"posts.cards\">\n\t\t\t\t<div class=\"elementor-widget-container\">\n\t\t\t<link rel=\"stylesheet\" href=\"https:\/\/beeasist.com\/wp-content\/plugins\/elementor-pro\/assets\/css\/widget-posts.min.css\">\t\t<div class=\"elementor-posts-container elementor-posts elementor-posts--skin-cards elementor-grid\">\n\t\t\t\t<article class=\"elementor-post elementor-grid-item post-14827 post type-post status-publish format-standard has-post-thumbnail hentry category-diyetisyen\">\n\t\t\t<div class=\"elementor-post__card\">\n\t\t\t\t<a class=\"elementor-post__thumbnail__link\" href=\"https:\/\/beeasist.com\/ro\/diyetisyen-klinigi-acma-sartlari\/\" ><div class=\"elementor-post__thumbnail\"><img width=\"720\" height=\"400\" src=\"https:\/\/beeasist.com\/wp-content\/uploads\/2026\/03\/diyetisyen-klinigi-acma-sartlari.jpg\" class=\"attachment-full size-full wp-image-13496\" alt=\"Diyetisyen klini\u011fi a\u00e7ma \u015fartlar\u0131\" loading=\"lazy\" srcset=\"https:\/\/beeasist.com\/wp-content\/uploads\/2026\/03\/diyetisyen-klinigi-acma-sartlari.jpg 720w, https:\/\/beeasist.com\/wp-content\/uploads\/2026\/03\/diyetisyen-klinigi-acma-sartlari-300x167.jpg 300w\" sizes=\"(max-width: 720px) 100vw, 720px\" \/><\/div><\/a>\n\t\t\t\t<div class=\"elementor-post__text\">\n\t\t\t\t<h2 class=\"elementor-post__title\">\n\t\t\t<a href=\"https:\/\/beeasist.com\/ro\/diyetisyen-klinigi-acma-sartlari\/\" >\n\t\t\t\tDiyetisyen Klini\u011fi A\u00e7ma \u015eartlar\u0131\t\t\t<\/a>\n\t\t<\/h2>\n\t\t\t\t<\/div>\n\t\t\t\t<div class=\"elementor-post__meta-data\">\n\t\t\t\t\t<span class=\"elementor-post-date\">\n\t\t\tmai 1, 2026\t\t<\/span>\n\t\t\t\t<\/div>\n\t\t\t\t\t<\/div>\n\t\t<\/article>\n\t\t\t\t<article class=\"elementor-post elementor-grid-item post-13388 post type-post status-publish format-standard has-post-thumbnail hentry category-beeasist\">\n\t\t\t<div class=\"elementor-post__card\">\n\t\t\t\t<a class=\"elementor-post__thumbnail__link\" href=\"https:\/\/beeasist.com\/ro\/beeasist-ile-musteri-takibi-yapan-isletmeler-neden-daha-az-musteri-kaybediyor\/\" ><div class=\"elementor-post__thumbnail\"><img width=\"720\" height=\"400\" src=\"https:\/\/beeasist.com\/wp-content\/uploads\/2026\/02\/beeasist-blog.jpg\" class=\"attachment-full size-full wp-image-13389\" alt=\"Beeasist blog\" loading=\"lazy\" srcset=\"https:\/\/beeasist.com\/wp-content\/uploads\/2026\/02\/beeasist-blog.jpg 720w, https:\/\/beeasist.com\/wp-content\/uploads\/2026\/02\/beeasist-blog-300x167.jpg 300w\" sizes=\"(max-width: 720px) 100vw, 720px\" \/><\/div><\/a>\n\t\t\t\t<div class=\"elementor-post__text\">\n\t\t\t\t<h2 class=\"elementor-post__title\">\n\t\t\t<a href=\"https:\/\/beeasist.com\/ro\/beeasist-ile-musteri-takibi-yapan-isletmeler-neden-daha-az-musteri-kaybediyor\/\" >\n\t\t\t\tBeeasist ile M\u00fc\u015fteri Takibi Yapan \u0130\u015fletmeler Neden Daha Az M\u00fc\u015fteri Kaybediyor?\t\t\t<\/a>\n\t\t<\/h2>\n\t\t\t\t<\/div>\n\t\t\t\t<div class=\"elementor-post__meta-data\">\n\t\t\t\t\t<span class=\"elementor-post-date\">\n\t\t\tfebruarie 14, 2026\t\t<\/span>\n\t\t\t\t<\/div>\n\t\t\t\t\t<\/div>\n\t\t<\/article>\n\t\t\t\t<article class=\"elementor-post elementor-grid-item post-13233 post type-post status-publish format-standard has-post-thumbnail hentry category-beeasist tag-beeasist tag-crm tag-erp\">\n\t\t\t<div class=\"elementor-post__card\">\n\t\t\t\t<a class=\"elementor-post__thumbnail__link\" href=\"https:\/\/beeasist.com\/ro\/pilates-studyosu-dijitallesme-yolculugu-online-randevu-ve-musteri-yonetimi-ile-verimliligi-artirin\/\" ><div class=\"elementor-post__thumbnail\"><img width=\"720\" height=\"400\" src=\"https:\/\/beeasist.com\/wp-content\/uploads\/2025\/10\/beeasist-pilates.png\" class=\"attachment-full size-full wp-image-13234\" alt=\"beeasist pilates\" loading=\"lazy\" srcset=\"https:\/\/beeasist.com\/wp-content\/uploads\/2025\/10\/beeasist-pilates.png 720w, https:\/\/beeasist.com\/wp-content\/uploads\/2025\/10\/beeasist-pilates-300x167.png 300w\" sizes=\"(max-width: 720px) 100vw, 720px\" \/><\/div><\/a>\n\t\t\t\t<div class=\"elementor-post__text\">\n\t\t\t\t<h2 class=\"elementor-post__title\">\n\t\t\t<a href=\"https:\/\/beeasist.com\/ro\/pilates-studyosu-dijitallesme-yolculugu-online-randevu-ve-musteri-yonetimi-ile-verimliligi-artirin\/\" >\n\t\t\t\tPilates St\u00fcdyosu Dijitalle\u015fme Yolculu\u011fu: Online Randevu ve M\u00fc\u015fteri Y\u00f6netimi ile Verimlili\u011fi Art\u0131r\u0131n\t\t\t<\/a>\n\t\t<\/h2>\n\t\t\t\t<\/div>\n\t\t\t\t<div class=\"elementor-post__meta-data\">\n\t\t\t\t\t<span class=\"elementor-post-date\">\n\t\t\toctombrie 9, 2025\t\t<\/span>\n\t\t\t\t<\/div>\n\t\t\t\t\t<\/div>\n\t\t<\/article>\n\t\t\t\t<article class=\"elementor-post elementor-grid-item post-13213 post type-post status-publish format-standard has-post-thumbnail hentry category-beeasist tag-beeasist tag-crm tag-erp tag-fizyoterapist\">\n\t\t\t<div class=\"elementor-post__card\">\n\t\t\t\t<a class=\"elementor-post__thumbnail__link\" href=\"https:\/\/beeasist.com\/ro\/fizyoterapi-merkezlerinde-dijital-randevu-ve-paket-takip-sistemi-ile-verimlilik-artirin\/\" ><div class=\"elementor-post__thumbnail\"><img width=\"720\" height=\"400\" src=\"https:\/\/beeasist.com\/wp-content\/uploads\/2025\/10\/beeasist-fizyoterapist.png\" class=\"attachment-full size-full wp-image-13214\" alt=\"beeasist fizyoterapist\" loading=\"lazy\" srcset=\"https:\/\/beeasist.com\/wp-content\/uploads\/2025\/10\/beeasist-fizyoterapist.png 720w, https:\/\/beeasist.com\/wp-content\/uploads\/2025\/10\/beeasist-fizyoterapist-300x167.png 300w\" sizes=\"(max-width: 720px) 100vw, 720px\" \/><\/div><\/a>\n\t\t\t\t<div class=\"elementor-post__text\">\n\t\t\t\t<h2 class=\"elementor-post__title\">\n\t\t\t<a href=\"https:\/\/beeasist.com\/ro\/fizyoterapi-merkezlerinde-dijital-randevu-ve-paket-takip-sistemi-ile-verimlilik-artirin\/\" >\n\t\t\t\tFizyoterapi Merkezlerinde Dijital Randevu ve Paket Takip Sistemi ile Verimlilik Art\u0131r\u0131n\t\t\t<\/a>\n\t\t<\/h2>\n\t\t\t\t<\/div>\n\t\t\t\t<div class=\"elementor-post__meta-data\">\n\t\t\t\t\t<span class=\"elementor-post-date\">\n\t\t\toctombrie 2, 2025\t\t<\/span>\n\t\t\t\t<\/div>\n\t\t\t\t\t<\/div>\n\t\t<\/article>\n\t\t\t\t<article class=\"elementor-post elementor-grid-item post-13208 post type-post status-publish format-standard has-post-thumbnail hentry category-beeasist tag-beeasist tag-pilates\">\n\t\t\t<div class=\"elementor-post__card\">\n\t\t\t\t<a class=\"elementor-post__thumbnail__link\" href=\"https:\/\/beeasist.com\/ro\/pilates-studyosu-dijitallesme-yolculugu-online-randevu-paket-takibi-ve-musteri-yonetimi\/\" ><div class=\"elementor-post__thumbnail\"><img width=\"720\" height=\"400\" src=\"https:\/\/beeasist.com\/wp-content\/uploads\/2025\/09\/beeasist-pilates.png\" class=\"attachment-full size-full wp-image-13209\" alt=\"beeasist pilates\" loading=\"lazy\" srcset=\"https:\/\/beeasist.com\/wp-content\/uploads\/2025\/09\/beeasist-pilates.png 720w, https:\/\/beeasist.com\/wp-content\/uploads\/2025\/09\/beeasist-pilates-300x167.png 300w\" sizes=\"(max-width: 720px) 100vw, 720px\" \/><\/div><\/a>\n\t\t\t\t<div class=\"elementor-post__text\">\n\t\t\t\t<h2 class=\"elementor-post__title\">\n\t\t\t<a href=\"https:\/\/beeasist.com\/ro\/pilates-studyosu-dijitallesme-yolculugu-online-randevu-paket-takibi-ve-musteri-yonetimi\/\" >\n\t\t\t\tPilates St\u00fcdyosu Dijitalle\u015fme Yolculu\u011fu: Online Randevu, Paket Takibi ve M\u00fc\u015fteri Y\u00f6netimi\t\t\t<\/a>\n\t\t<\/h2>\n\t\t\t\t<\/div>\n\t\t\t\t<div class=\"elementor-post__meta-data\">\n\t\t\t\t\t<span class=\"elementor-post-date\">\n\t\t\tseptembrie 30, 2025\t\t<\/span>\n\t\t\t\t<\/div>\n\t\t\t\t\t<\/div>\n\t\t<\/article>\n\t\t\t\t<article class=\"elementor-post elementor-grid-item post-12690 post type-post status-publish format-standard has-post-thumbnail hentry category-beeasist\">\n\t\t\t<div class=\"elementor-post__card\">\n\t\t\t\t<a class=\"elementor-post__thumbnail__link\" href=\"https:\/\/beeasist.com\/ro\/beeasistcom-isletmenizi-nasil-buyutebilir-beeasistcom-isletmelerin-dijital-varliklarini-yonetme-ve-buyumelerini-hizlandirma-konusunda-etkili-cozumler-sunar-bu-yazida-beeasistcomun-isletmelere-s\/\" ><div class=\"elementor-post__thumbnail\"><img width=\"720\" height=\"400\" src=\"https:\/\/beeasist.com\/wp-content\/uploads\/2025\/08\/beeasist.jpg\" class=\"attachment-full size-full wp-image-12732\" alt=\"\" loading=\"lazy\" srcset=\"https:\/\/beeasist.com\/wp-content\/uploads\/2025\/08\/beeasist.jpg 720w, https:\/\/beeasist.com\/wp-content\/uploads\/2025\/08\/beeasist-300x167.jpg 300w\" sizes=\"(max-width: 720px) 100vw, 720px\" \/><\/div><\/a>\n\t\t\t\t<div class=\"elementor-post__text\">\n\t\t\t\t<h2 class=\"elementor-post__title\">\n\t\t\t<a href=\"https:\/\/beeasist.com\/ro\/beeasistcom-isletmenizi-nasil-buyutebilir-beeasistcom-isletmelerin-dijital-varliklarini-yonetme-ve-buyumelerini-hizlandirma-konusunda-etkili-cozumler-sunar-bu-yazida-beeasistcomun-isletmelere-s\/\" >\n\t\t\t\tBeeasist i\u015fletmenizi nas\u0131l b\u00fcy\u00fctebilir?\t\t\t<\/a>\n\t\t<\/h2>\n\t\t\t\t<\/div>\n\t\t\t\t<div class=\"elementor-post__meta-data\">\n\t\t\t\t\t<span class=\"elementor-post-date\">\n\t\t\taugust 29, 2025\t\t<\/span>\n\t\t\t\t<\/div>\n\t\t\t\t\t<\/div>\n\t\t<\/article>\n\t\t\t\t<\/div>\n\n\n\t\t\t\t\t<span class=\"e-load-more-spinner\">\n\t\t\t\t<svg aria-hidden=\"true\" class=\"e-font-icon-svg e-fas-spinner\" viewBox=\"0 0 512 512\" xmlns=\"http:\/\/www.w3.org\/2000\/svg\"><path d=\"M304 48c0 26.51-21.49 48-48 48s-48-21.49-48-48 21.49-48 48-48 48 21.49 48 48zm-48 368c-26.51 0-48 21.49-48 48s21.49 48 48 48 48-21.49 48-48-21.49-48-48-48zm208-208c-26.51 0-48 21.49-48 48s21.49 48 48 48 48-21.49 48-48-21.49-48-48-48zM96 256c0-26.51-21.49-48-48-48S0 229.49 0 256s21.49 48 48 48 48-21.49 48-48zm12.922 99.078c-26.51 0-48 21.49-48 48s21.49 48 48 48 48-21.49 48-48c0-26.509-21.491-48-48-48zm294.156 0c-26.51 0-48 21.49-48 48s21.49 48 48 48 48-21.49 48-48c0-26.509-21.49-48-48-48zM108.922 60.922c-26.51 0-48 21.49-48 48s21.49 48 48 48 48-21.49 48-48-21.491-48-48-48z\"><\/path><\/svg>\t\t\t<\/span>\n\t\t\n\t\t\t\t<div class=\"e-load-more-anchor\" data-page=\"1\" data-max-page=\"6\" data-next-page=\"https:\/\/beeasist.com\/ro\/wp-json\/wp\/v2\/pages\/6506\/page\/2\/\"><\/div>\n\t\t\t\t<div class=\"elementor-button-wrapper\">\n\t\t\t<a href=\"#\" class=\"elementor-button-link elementor-button\" role=\"button\">\n\t\t\t\t\t\t<span class=\"elementor-button-content-wrapper\">\n\t\t\t\t\t\t<span class=\"elementor-button-text\">Daha Fazla Yaz\u0131 Y\u00fckle<\/span>\n\t\t<\/span>\n\t\t\t\t\t<\/a>\n\t\t<\/div>\n\t\t\t\t<div class=\"e-load-more-message\"><\/div>\n\t\t\t\t<\/div>\n\t\t\t\t<\/div>\n\t\t\t\t\t\t<\/div>\n\t\t\t\t\t<\/div>\n\t\t<\/div>\n\t\t\t\t\t\t\t\t<\/div>\n\t\t\t\t\t<\/div>\n\t\t<\/section>\n\t\t\t\t\t\t\t\t\t<\/div>\n\t\t\t<\/div>\n\t\t\t\t\t<\/div>\n\t\t","protected":false},"excerpt":{"rendered":"<p>Blog Yaz\u0131lar\u0131m\u0131z<\/p>\n","protected":false},"author":1,"featured_media":0,"parent":0,"menu_order":0,"comment_status":"closed","ping_status":"closed","template":"elementor_header_footer","meta":[],"_links":{"self":[{"href":"https:\/\/beeasist.com\/ro\/wp-json\/wp\/v2\/pages\/6506"}],"collection":[{"href":"https:\/\/beeasist.com\/ro\/wp-json\/wp\/v2\/pages"}],"about":[{"href":"https:\/\/beeasist.com\/ro\/wp-json\/wp\/v2\/types\/page"}],"author":[{"embeddable":true,"href":"https:\/\/beeasist.com\/ro\/wp-json\/wp\/v2\/users\/1"}],"replies":[{"embeddable":true,"href":"https:\/\/beeasist.com\/ro\/wp-json\/wp\/v2\/comments?post=6506"}],"version-history":[{"count":60,"href":"https:\/\/beeasist.com\/ro\/wp-json\/wp\/v2\/pages\/6506\/revisions"}],"predecessor-version":[{"id":13552,"href":"https:\/\/beeasist.com\/ro\/wp-json\/wp\/v2\/pages\/6506\/revisions\/13552"}],"wp:attachment":[{"href":"https:\/\/beeasist.com\/ro\/wp-json\/wp\/v2\/media?parent=6506"}],"curies":[{"name":"wp","href":"https:\/\/api.w.org\/{rel}","templated":true}]}}